{"id":14,"date":"2024-02-29T09:12:26","date_gmt":"2024-02-29T09:12:26","guid":{"rendered":"https:\/\/www.paint28.fi\/?page_id=14"},"modified":"2024-09-03T06:48:43","modified_gmt":"2024-09-03T06:48:43","slug":"etusivu","status":"publish","type":"page","link":"https:\/\/www.paint28.fi\/","title":{"rendered":"Etusivu"},"content":{"rendered":"\n<div class=\"wp-block-cover alignfull is-light\" style=\"margin-top:0;padding-top:48px;padding-right:48px;padding-bottom:48px;padding-left:48px;min-height:767px;aspect-ratio:unset;\"><span aria-hidden=\"true\" class=\"wp-block-cover__background has-background-dim-0 has-background-dim\"><\/span><img loading=\"lazy\" decoding=\"async\" width=\"1920\" height=\"1280\" class=\"wp-block-cover__image-background wp-image-73\" alt=\"Paint28 automaalaamon, auton maalaus Helsinki.\" src=\"https:\/\/www.paint28.fi\/wp-content\/uploads\/2024\/03\/kansikuva_maalaamo.jpg\" style=\"object-position:50% 95%\" data-object-fit=\"cover\" data-object-position=\"50% 95%\" srcset=\"https:\/\/www.paint28.fi\/wp-content\/uploads\/2024\/03\/kansikuva_maalaamo.jpg 1920w, https:\/\/www.paint28.fi\/wp-content\/uploads\/2024\/03\/kansikuva_maalaamo-300x200.jpg 300w, https:\/\/www.paint28.fi\/wp-content\/uploads\/2024\/03\/kansikuva_maalaamo-1024x683.jpg 1024w, https:\/\/www.paint28.fi\/wp-content\/uploads\/2024\/03\/kansikuva_maalaamo-768x512.jpg 768w, https:\/\/www.paint28.fi\/wp-content\/uploads\/2024\/03\/kansikuva_maalaamo-1536x1024.jpg 1536w\" sizes=\"(max-width: 1920px) 100vw, 1920px\" \/><div class=\"wp-block-cover__inner-container is-layout-flow wp-block-cover-is-layout-flow\">\n<h1 class=\"wp-block-heading has-text-align-center has-theme-palette-3-color has-text-color\" style=\"font-size:26px;font-style:normal;font-weight:700;letter-spacing:0px;line-height:1;text-transform:uppercase\">automaalaus, AUTOMAALAAMO,  <br>peltity\u00f6t SEK\u00c4 PELTIKORJAUS<br>ammattitaidolla <br>TATTARISUO, HELSINKI<\/h1>\n\n\n\n<h2 class=\"wp-block-heading has-text-align-center\">PAINT28<\/h2>\n\n\n\n<div class=\"wp-block-group\"><div class=\"wp-block-group__inner-container is-layout-constrained wp-container-core-group-is-layout-1 wp-block-group-is-layout-constrained\"><\/div><\/div>\n\n\n\n<div style=\"height:72px\" aria-hidden=\"true\" class=\"wp-block-spacer\"><\/div>\n\n\n\n<div class=\"wp-block-buttons is-content-justification-center is-nowrap is-layout-flex wp-container-core-buttons-is-layout-1 wp-block-buttons-is-layout-flex\">\n<div class=\"wp-block-button has-custom-font-size is-style-fill\" style=\"font-size:15px;font-style:normal;font-weight:700;letter-spacing:0px;text-transform:uppercase\"><a class=\"wp-block-button__link has-theme-palette-9-color has-theme-palette-4-background-color has-text-color has-background wp-element-button\" href=\"https:\/\/www.paint28.fi\/?page_id=22\" style=\"border-radius:0px;padding-top:24px;padding-right:48px;padding-bottom:24px;padding-left:48px\">KYSY TARJOUSTA<\/a><\/div>\n<\/div>\n<\/div><\/div>\n\n\n\n<div class=\"wp-block-columns alignwide is-layout-flex wp-container-core-columns-is-layout-1 wp-block-columns-is-layout-flex\" style=\"margin-bottom:0\">\n<div class=\"wp-block-column has-theme-palette-3-background-color has-text-color has-background has-link-color wp-elements-85cbdf7a90276047c3643c40e7fcf049 is-layout-flow wp-block-column-is-layout-flow\" style=\"color:#000000;padding-top:2em;padding-right:2em;padding-bottom:2em;padding-left:2em\">\n<figure class=\"wp-block-image size-full is-resized\"><img loading=\"lazy\" decoding=\"async\" width=\"200\" height=\"200\" src=\"https:\/\/www.paint28.fi\/wp-content\/uploads\/2024\/04\/car-paint-icon-paint28.png\" alt=\"autonmaalaus  icon Paint28\" class=\"wp-image-545\" style=\"width:103px;height:auto\" srcset=\"https:\/\/www.paint28.fi\/wp-content\/uploads\/2024\/04\/car-paint-icon-paint28.png 200w, https:\/\/www.paint28.fi\/wp-content\/uploads\/2024\/04\/car-paint-icon-paint28-150x150.png 150w\" sizes=\"(max-width: 200px) 100vw, 200px\" \/><\/figure>\n\n\n\n<h3 class=\"wp-block-heading has-theme-palette-9-color has-text-color has-link-color wp-elements-afe7864de57798c58c1320e1030d4f1b\">Automaalaamo, auton maalausty\u00f6t<\/h3>\n\n\n\n<p class=\"has-theme-palette-9-color has-text-color has-link-color wp-elements-40b799e8f1a81e5e18ce452251f9de91\">Auton maalipinnan ollessa vaurioitunut peltiin saakka, tulee auton maalaus ajankohtaiseksi.<br><br>Paint28 toteutamme auton maalausty\u00f6t ammattitaidolla ja yli 20 vuoden kokemuksella Tattarisuolla, Helsingiss\u00e4.<br><br>Lopputulos kest\u00e4\u00e4 tarkastelua ja k\u00e4ytt\u00f6\u00e4. <\/p>\n\n\n\n<div class=\"wp-block-buttons is-layout-flex wp-block-buttons-is-layout-flex\">\n<div class=\"wp-block-button\"><a class=\"wp-block-button__link has-theme-palette-9-color has-theme-palette-5-background-color has-text-color has-background has-link-color wp-element-button\" href=\"https:\/\/www.paint28.fi\/?page_id=18\">Lue lis\u00e4\u00e4<\/a><\/div>\n<\/div>\n<\/div>\n\n\n\n<div class=\"wp-block-column has-theme-palette-3-background-color has-text-color has-background has-link-color wp-elements-81d49b4035ef435b809982664f7f27ee is-layout-flow wp-block-column-is-layout-flow\" style=\"color:#000000;padding-top:2em;padding-right:2em;padding-bottom:2em;padding-left:2em\">\n<figure class=\"wp-block-image size-full is-resized\"><img loading=\"lazy\" decoding=\"async\" width=\"200\" height=\"200\" src=\"https:\/\/www.paint28.fi\/wp-content\/uploads\/2024\/04\/car-work-icon-paint28.png\" alt=\"peltikorjaus icon paint28\" class=\"wp-image-544\" style=\"width:103px\" srcset=\"https:\/\/www.paint28.fi\/wp-content\/uploads\/2024\/04\/car-work-icon-paint28.png 200w, https:\/\/www.paint28.fi\/wp-content\/uploads\/2024\/04\/car-work-icon-paint28-150x150.png 150w\" sizes=\"(max-width: 200px) 100vw, 200px\" \/><\/figure>\n\n\n\n<h3 class=\"wp-block-heading has-theme-palette-9-color has-text-color has-link-color wp-elements-861f9a96ca0ea9934b7cf7364d924d8a\">Peltikorjaamo, peltity\u00f6t<\/h3>\n\n\n\n<p class=\"has-theme-palette-9-color has-text-color has-link-color wp-elements-f6234e7b4b8b5307a02146969930df4f\">Korjaamme autojen pelti- ja maalivauriot ja suoritamme ammattitaitoisesti vaativatkin korin oikaisut.<br><br>Autoihin voi synty\u00e4 peltivaurioita monista eri syist\u00e4, mutta niiden korjausta ei kannata pitkitt\u00e4\u00e4.<br><br>Tattarisuolla sijaitseva palveleva Paint28 tarjoaa auton maalaus- ja peltity\u00f6t ammattitaidolla.<br><\/p>\n\n\n\n<div class=\"wp-block-buttons is-layout-flex wp-block-buttons-is-layout-flex\">\n<div class=\"wp-block-button\"><a class=\"wp-block-button__link has-theme-palette-9-color has-theme-palette-5-background-color has-text-color has-background has-link-color wp-element-button\" href=\"https:\/\/www.paint28.fi\/?page_id=20\">Lue lis\u00e4\u00e4<\/a><\/div>\n<\/div>\n<\/div>\n\n\n\n<div class=\"wp-block-column has-theme-palette-9-color has-theme-palette-3-background-color has-text-color has-background has-link-color wp-elements-289229fa8e117eb6f0eb89c615603c92 is-layout-flow wp-block-column-is-layout-flow\" style=\"padding-top:2em;padding-right:2em;padding-bottom:2em;padding-left:2em\">\n<figure class=\"wp-block-image size-full is-resized\"><img loading=\"lazy\" decoding=\"async\" width=\"512\" height=\"512\" src=\"https:\/\/www.paint28.fi\/wp-content\/uploads\/2024\/04\/car-service-icon-paint28.png\" alt=\"auto icon paint28\" class=\"wp-image-546\" style=\"width:103px\" srcset=\"https:\/\/www.paint28.fi\/wp-content\/uploads\/2024\/04\/car-service-icon-paint28.png 512w, https:\/\/www.paint28.fi\/wp-content\/uploads\/2024\/04\/car-service-icon-paint28-300x300.png 300w, https:\/\/www.paint28.fi\/wp-content\/uploads\/2024\/04\/car-service-icon-paint28-150x150.png 150w\" sizes=\"(max-width: 512px) 100vw, 512px\" \/><\/figure>\n\n\n\n<h3 class=\"wp-block-heading has-theme-palette-9-color has-text-color has-link-color wp-elements-67ed2233afccb963071a063171b98567\">Sin\u00e4 asiakkaana<\/h3>\n\n\n\n<p class=\"has-theme-palette-8-color has-text-color has-link-color wp-elements-e24089bec40f7e37bbe29619fdd156f8\"><strong>Vahva osaaminen on Paint28 kulmakivi. <\/strong>Yli 20 vuoden kokemuksella.<br><br>Palveleva automaalaamo, korikorjaamo sek\u00e4 taitava peltisepp\u00e4.<br>Palveluissamme korjausmaalaukset, ylimaalaus, pellin oikomiset sek\u00e4 jenkkiautojen maalausty\u00f6t ammattitaidolla<br>Auton maalaus- ja peltity\u00f6t ammattitaidolla Paint28 Tattarisuolla Autotallintie&nbsp;5, Helsinki.<\/p>\n\n\n\n<h4 class=\"wp-block-heading has-theme-palette-8-color has-text-color has-link-color wp-elements-eab75b568d5baf41fceaea9b2114346c\">Ota siis rohkeasti yhteytt\u00e4 ja kysy tarjousta!<\/h4>\n<\/div>\n<\/div>\n\n\n\n<div class=\"wp-block-columns alignwide has-theme-palette-9-color has-theme-palette-5-background-color has-text-color has-background has-link-color wp-elements-10c896fdd5dc56ee6b78d31b1f4ab37c is-layout-flex wp-container-core-columns-is-layout-2 wp-block-columns-is-layout-flex\">\n<div class=\"wp-block-column is-layout-flow wp-block-column-is-layout-flow\" style=\"flex-basis:33.33%\">\n<p><\/p>\n<\/div>\n\n\n\n<div class=\"wp-block-column has-theme-palette-9-color has-theme-palette-5-background-color has-text-color has-background has-link-color wp-elements-bd3f3f586a403bd9c688789c23389df3 is-layout-flow wp-block-column-is-layout-flow\" style=\"flex-basis:66.66%\">\n<h2 class=\"wp-block-heading has-theme-palette-9-color has-theme-palette-5-background-color has-text-color has-background has-link-color wp-elements-0f920a919c9793a0821751c28542f119\"><a href=\"https:\/\/www.paint28.fi\/\">Paint28<\/a> | <a href=\"https:\/\/www.auto28.fi\/\">Auto28<\/a> <\/h2>\n\n\n\n<p class=\"has-theme-palette-5-background-color has-background\"><strong>Autotallintie 3-5, 00770 Helsinki<\/strong><br><br><strong>Hanna Haapalainen <\/strong>040-5743094 <br>tsto, ty\u00f6n vastaanotto\/luovutus\/ sijaisauto vuokraus ( alk.30\u20ac\/vrk)<br><br><strong>Jari Haapalainen<\/strong> 050-3030721<br><\/p>\n<\/div>\n<\/div>\n","protected":false},"excerpt":{"rendered":"<p>Automaalaamo, auton maalausty\u00f6t Auton maalipinnan ollessa vaurioitunut peltiin saakka, tulee auton maalaus ajankohtaiseksi. Paint28 toteutamme auton maalausty\u00f6t ammattitaidolla ja yli 20 vuoden kokemuksella Tattarisuolla, Helsingiss\u00e4. Lopputulos kest\u00e4\u00e4 tarkastelua ja k\u00e4ytt\u00f6\u00e4. Peltikorjaamo, peltity\u00f6t Korjaamme autojen pelti- ja maalivauriot ja suoritamme ammattitaitoisesti vaativatkin korin oikaisut. Autoihin voi synty\u00e4 peltivaurioita monista eri syist\u00e4, mutta niiden korjausta ei kannata&#8230;<\/p>\n","protected":false},"author":1,"featured_media":0,"parent":0,"menu_order":0,"comment_status":"closed","ping_status":"closed","template":"","meta":{"_kadence_starter_templates_imported_post":false,"_kad_post_transparent":"","_kad_post_title":"hide","_kad_post_layout":"fullwidth","_kad_post_sidebar_id":"","_kad_post_content_style":"default","_kad_post_vertical_padding":"default","_kad_post_feature":"","_kad_post_feature_position":"","_kad_post_header":false,"_kad_post_footer":false,"_kad_post_classname":"","footnotes":""},"class_list":["post-14","page","type-page","status-publish","hentry"],"yoast_head":"<!-- This site is optimized with the Yoast SEO plugin v25.6 - https:\/\/yoast.com\/wordpress\/plugins\/seo\/ -->\n<title>Paint28 Auton maalaus- ja peltity\u00f6t Helsinki<\/title>\n<meta name=\"description\" content=\"Automaalaus, automaalaamo, peltity\u00f6t sek\u00e4 peltikorjaus vankalla ammattitaidolla Paint28 Tattarisuo Autotallintie 3-5, it\u00e4 Helsinki, TERVETULOA.\" \/>\n<meta name=\"robots\" content=\"index, follow, max-snippet:-1, max-image-preview:large, max-video-preview:-1\" \/>\n<link rel=\"canonical\" href=\"https:\/\/www.paint28.fi\/\" \/>\n<meta property=\"og:locale\" content=\"fi_FI\" \/>\n<meta property=\"og:type\" content=\"article\" \/>\n<meta property=\"og:title\" content=\"Paint28 Auton maalaus- ja peltity\u00f6t Helsinki\" \/>\n<meta property=\"og:description\" content=\"Automaalaus, automaalaamo, peltity\u00f6t sek\u00e4 peltikorjaus vankalla ammattitaidolla Paint28 Tattarisuo Autotallintie 3-5, it\u00e4 Helsinki, TERVETULOA.\" \/>\n<meta property=\"og:url\" content=\"https:\/\/www.paint28.fi\/\" \/>\n<meta property=\"og:site_name\" content=\"Paint28\" \/>\n<meta property=\"article:publisher\" content=\"https:\/\/www.facebook.com\/Paint28.fi\/\" \/>\n<meta property=\"article:modified_time\" content=\"2024-09-03T06:48:43+00:00\" \/>\n<meta property=\"og:image\" content=\"http:\/\/www.paint28.fi\/wp-content\/uploads\/2024\/03\/kansikuva_maalaamo.jpg\" \/>\n<meta name=\"twitter:card\" content=\"summary_large_image\" \/>\n<meta name=\"twitter:label1\" content=\"Arvioitu lukuaika\" \/>\n\t<meta name=\"twitter:data1\" content=\"2 minuuttia\" \/>\n<script type=\"application\/ld+json\" class=\"yoast-schema-graph\">{\"@context\":\"https:\/\/schema.org\",\"@graph\":[{\"@type\":\"WebPage\",\"@id\":\"https:\/\/www.paint28.fi\/\",\"url\":\"https:\/\/www.paint28.fi\/\",\"name\":\"Paint28 Auton maalaus- ja peltity\u00f6t Helsinki\",\"isPartOf\":{\"@id\":\"https:\/\/www.paint28.fi\/#website\"},\"primaryImageOfPage\":{\"@id\":\"https:\/\/www.paint28.fi\/#primaryimage\"},\"image\":{\"@id\":\"https:\/\/www.paint28.fi\/#primaryimage\"},\"thumbnailUrl\":\"http:\/\/www.paint28.fi\/wp-content\/uploads\/2024\/03\/kansikuva_maalaamo.jpg\",\"datePublished\":\"2024-02-29T09:12:26+00:00\",\"dateModified\":\"2024-09-03T06:48:43+00:00\",\"description\":\"Automaalaus, automaalaamo, peltity\u00f6t sek\u00e4 peltikorjaus vankalla ammattitaidolla Paint28 Tattarisuo Autotallintie 3-5, it\u00e4 Helsinki, TERVETULOA.\",\"breadcrumb\":{\"@id\":\"https:\/\/www.paint28.fi\/#breadcrumb\"},\"inLanguage\":\"fi\",\"potentialAction\":[{\"@type\":\"ReadAction\",\"target\":[\"https:\/\/www.paint28.fi\/\"]}]},{\"@type\":\"ImageObject\",\"inLanguage\":\"fi\",\"@id\":\"https:\/\/www.paint28.fi\/#primaryimage\",\"url\":\"http:\/\/www.paint28.fi\/wp-content\/uploads\/2024\/03\/kansikuva_maalaamo.jpg\",\"contentUrl\":\"http:\/\/www.paint28.fi\/wp-content\/uploads\/2024\/03\/kansikuva_maalaamo.jpg\"},{\"@type\":\"BreadcrumbList\",\"@id\":\"https:\/\/www.paint28.fi\/#breadcrumb\",\"itemListElement\":[{\"@type\":\"ListItem\",\"position\":1,\"name\":\"Home\",\"item\":\"https:\/\/www.paint28.fi\/\"},{\"@type\":\"ListItem\",\"position\":2,\"name\":\"Etusivu\"}]},{\"@type\":\"WebSite\",\"@id\":\"https:\/\/www.paint28.fi\/#website\",\"url\":\"https:\/\/www.paint28.fi\/\",\"name\":\"Paint28\",\"description\":\"Auton maalaus- ja peltity&ouml;t Helsingiss&auml;, Tattarisuolla\",\"publisher\":{\"@id\":\"https:\/\/www.paint28.fi\/#organization\"},\"potentialAction\":[{\"@type\":\"SearchAction\",\"target\":{\"@type\":\"EntryPoint\",\"urlTemplate\":\"https:\/\/www.paint28.fi\/?s={search_term_string}\"},\"query-input\":{\"@type\":\"PropertyValueSpecification\",\"valueRequired\":true,\"valueName\":\"search_term_string\"}}],\"inLanguage\":\"fi\"},{\"@type\":\"Organization\",\"@id\":\"https:\/\/www.paint28.fi\/#organization\",\"name\":\"Paint28\",\"url\":\"https:\/\/www.paint28.fi\/\",\"logo\":{\"@type\":\"ImageObject\",\"inLanguage\":\"fi\",\"@id\":\"https:\/\/www.paint28.fi\/#\/schema\/logo\/image\/\",\"url\":\"https:\/\/www.paint28.fi\/wp-content\/uploads\/2024\/02\/Paint-logo-rgb.jpg\",\"contentUrl\":\"https:\/\/www.paint28.fi\/wp-content\/uploads\/2024\/02\/Paint-logo-rgb.jpg\",\"width\":600,\"height\":236,\"caption\":\"Paint28\"},\"image\":{\"@id\":\"https:\/\/www.paint28.fi\/#\/schema\/logo\/image\/\"},\"sameAs\":[\"https:\/\/www.facebook.com\/Paint28.fi\/\"]}]}<\/script>\n<!-- \/ Yoast SEO plugin. -->","yoast_head_json":{"title":"Paint28 Auton maalaus- ja peltity\u00f6t Helsinki","description":"Automaalaus, automaalaamo, peltity\u00f6t sek\u00e4 peltikorjaus vankalla ammattitaidolla Paint28 Tattarisuo Autotallintie 3-5, it\u00e4 Helsinki, TERVETULOA.","robots":{"index":"index","follow":"follow","max-snippet":"max-snippet:-1","max-image-preview":"max-image-preview:large","max-video-preview":"max-video-preview:-1"},"canonical":"https:\/\/www.paint28.fi\/","og_locale":"fi_FI","og_type":"article","og_title":"Paint28 Auton maalaus- ja peltity\u00f6t Helsinki","og_description":"Automaalaus, automaalaamo, peltity\u00f6t sek\u00e4 peltikorjaus vankalla ammattitaidolla Paint28 Tattarisuo Autotallintie 3-5, it\u00e4 Helsinki, TERVETULOA.","og_url":"https:\/\/www.paint28.fi\/","og_site_name":"Paint28","article_publisher":"https:\/\/www.facebook.com\/Paint28.fi\/","article_modified_time":"2024-09-03T06:48:43+00:00","og_image":[{"url":"http:\/\/www.paint28.fi\/wp-content\/uploads\/2024\/03\/kansikuva_maalaamo.jpg","type":"","width":"","height":""}],"twitter_card":"summary_large_image","twitter_misc":{"Arvioitu lukuaika":"2 minuuttia"},"schema":{"@context":"https:\/\/schema.org","@graph":[{"@type":"WebPage","@id":"https:\/\/www.paint28.fi\/","url":"https:\/\/www.paint28.fi\/","name":"Paint28 Auton maalaus- ja peltity\u00f6t Helsinki","isPartOf":{"@id":"https:\/\/www.paint28.fi\/#website"},"primaryImageOfPage":{"@id":"https:\/\/www.paint28.fi\/#primaryimage"},"image":{"@id":"https:\/\/www.paint28.fi\/#primaryimage"},"thumbnailUrl":"http:\/\/www.paint28.fi\/wp-content\/uploads\/2024\/03\/kansikuva_maalaamo.jpg","datePublished":"2024-02-29T09:12:26+00:00","dateModified":"2024-09-03T06:48:43+00:00","description":"Automaalaus, automaalaamo, peltity\u00f6t sek\u00e4 peltikorjaus vankalla ammattitaidolla Paint28 Tattarisuo Autotallintie 3-5, it\u00e4 Helsinki, TERVETULOA.","breadcrumb":{"@id":"https:\/\/www.paint28.fi\/#breadcrumb"},"inLanguage":"fi","potentialAction":[{"@type":"ReadAction","target":["https:\/\/www.paint28.fi\/"]}]},{"@type":"ImageObject","inLanguage":"fi","@id":"https:\/\/www.paint28.fi\/#primaryimage","url":"http:\/\/www.paint28.fi\/wp-content\/uploads\/2024\/03\/kansikuva_maalaamo.jpg","contentUrl":"http:\/\/www.paint28.fi\/wp-content\/uploads\/2024\/03\/kansikuva_maalaamo.jpg"},{"@type":"BreadcrumbList","@id":"https:\/\/www.paint28.fi\/#breadcrumb","itemListElement":[{"@type":"ListItem","position":1,"name":"Home","item":"https:\/\/www.paint28.fi\/"},{"@type":"ListItem","position":2,"name":"Etusivu"}]},{"@type":"WebSite","@id":"https:\/\/www.paint28.fi\/#website","url":"https:\/\/www.paint28.fi\/","name":"Paint28","description":"Auton maalaus- ja peltity&ouml;t Helsingiss&auml;, Tattarisuolla","publisher":{"@id":"https:\/\/www.paint28.fi\/#organization"},"potentialAction":[{"@type":"SearchAction","target":{"@type":"EntryPoint","urlTemplate":"https:\/\/www.paint28.fi\/?s={search_term_string}"},"query-input":{"@type":"PropertyValueSpecification","valueRequired":true,"valueName":"search_term_string"}}],"inLanguage":"fi"},{"@type":"Organization","@id":"https:\/\/www.paint28.fi\/#organization","name":"Paint28","url":"https:\/\/www.paint28.fi\/","logo":{"@type":"ImageObject","inLanguage":"fi","@id":"https:\/\/www.paint28.fi\/#\/schema\/logo\/image\/","url":"https:\/\/www.paint28.fi\/wp-content\/uploads\/2024\/02\/Paint-logo-rgb.jpg","contentUrl":"https:\/\/www.paint28.fi\/wp-content\/uploads\/2024\/02\/Paint-logo-rgb.jpg","width":600,"height":236,"caption":"Paint28"},"image":{"@id":"https:\/\/www.paint28.fi\/#\/schema\/logo\/image\/"},"sameAs":["https:\/\/www.facebook.com\/Paint28.fi\/"]}]}},"_links":{"self":[{"href":"https:\/\/www.paint28.fi\/index.php?rest_route=\/wp\/v2\/pages\/14"}],"collection":[{"href":"https:\/\/www.paint28.fi\/index.php?rest_route=\/wp\/v2\/pages"}],"about":[{"href":"https:\/\/www.paint28.fi\/index.php?rest_route=\/wp\/v2\/types\/page"}],"author":[{"embeddable":true,"href":"https:\/\/www.paint28.fi\/index.php?rest_route=\/wp\/v2\/users\/1"}],"replies":[{"embeddable":true,"href":"https:\/\/www.paint28.fi\/index.php?rest_route=%2Fwp%2Fv2%2Fcomments&post=14"}],"version-history":[{"count":144,"href":"https:\/\/www.paint28.fi\/index.php?rest_route=\/wp\/v2\/pages\/14\/revisions"}],"predecessor-version":[{"id":671,"href":"https:\/\/www.paint28.fi\/index.php?rest_route=\/wp\/v2\/pages\/14\/revisions\/671"}],"wp:attachment":[{"href":"https:\/\/www.paint28.fi\/index.php?rest_route=%2Fwp%2Fv2%2Fmedia&parent=14"}],"curies":[{"name":"wp","href":"https:\/\/api.w.org\/{rel}","templated":true}]}}