{"id":18,"date":"2024-02-29T09:17:01","date_gmt":"2024-02-29T09:17:01","guid":{"rendered":"https:\/\/www.paint28.fi\/?page_id=18"},"modified":"2024-04-29T07:56:56","modified_gmt":"2024-04-29T07:56:56","slug":"automaalaamo","status":"publish","type":"page","link":"https:\/\/www.paint28.fi\/?page_id=18","title":{"rendered":"Automaalaamo"},"content":{"rendered":"\n<div class=\"wp-block-cover alignfull is-light\" style=\"margin-top:0;padding-top:48px;padding-right:48px;padding-bottom:48px;padding-left:48px;min-height:684px;aspect-ratio:unset;\"><span aria-hidden=\"true\" class=\"wp-block-cover__background has-background-dim-0 has-background-dim\"><\/span><img loading=\"lazy\" decoding=\"async\" width=\"1707\" height=\"2560\" class=\"wp-block-cover__image-background wp-image-147\" alt=\"Kuva Pain28 automaalamon sis\u00e4lt\u00e4.\" src=\"https:\/\/www.paint28.fi\/wp-content\/uploads\/2024\/03\/automaalaamo-kuva-2-scaled.jpg\" style=\"object-position:40% 48%\" data-object-fit=\"cover\" data-object-position=\"40% 48%\" srcset=\"https:\/\/www.paint28.fi\/wp-content\/uploads\/2024\/03\/automaalaamo-kuva-2-scaled.jpg 1707w, https:\/\/www.paint28.fi\/wp-content\/uploads\/2024\/03\/automaalaamo-kuva-2-200x300.jpg 200w, https:\/\/www.paint28.fi\/wp-content\/uploads\/2024\/03\/automaalaamo-kuva-2-683x1024.jpg 683w, https:\/\/www.paint28.fi\/wp-content\/uploads\/2024\/03\/automaalaamo-kuva-2-768x1152.jpg 768w, https:\/\/www.paint28.fi\/wp-content\/uploads\/2024\/03\/automaalaamo-kuva-2-1024x1536.jpg 1024w, https:\/\/www.paint28.fi\/wp-content\/uploads\/2024\/03\/automaalaamo-kuva-2-1365x2048.jpg 1365w\" sizes=\"(max-width: 1707px) 100vw, 1707px\" \/><div class=\"wp-block-cover__inner-container is-layout-flow wp-block-cover-is-layout-flow\">\n<div class=\"wp-block-group\"><div class=\"wp-block-group__inner-container is-layout-constrained wp-container-core-group-is-layout-1 wp-block-group-is-layout-constrained\">\n<h1 class=\"wp-block-heading has-text-align-center has-theme-palette-3-color has-text-color\" style=\"font-size:28px;font-style:normal;font-weight:700;letter-spacing:0px;line-height:1;text-transform:uppercase\">Monipuolista ja huolellista autoN maalausta <br>Tattarisuolla, Helsingiss\u00e4.<\/h1>\n<\/div><\/div>\n\n\n\n<div style=\"height:72px\" aria-hidden=\"true\" class=\"wp-block-spacer\"><\/div>\n\n\n\n<div class=\"wp-block-buttons is-content-justification-center is-nowrap is-layout-flex wp-container-core-buttons-is-layout-1 wp-block-buttons-is-layout-flex\"><\/div>\n<\/div><\/div>\n\n\n\n<div class=\"wp-block-columns is-layout-flex wp-container-core-columns-is-layout-1 wp-block-columns-is-layout-flex\">\n<div class=\"wp-block-column is-layout-flow wp-block-column-is-layout-flow\" style=\"flex-basis:25%\"><\/div>\n\n\n\n<div class=\"wp-block-column is-layout-flow wp-block-column-is-layout-flow\" style=\"flex-basis:50%\">\n<p>Auton ylimaalaus alkuper\u00e4isell\u00e4 tai uudella v\u00e4rill\u00e4 osittain tai kokonaan.<\/p>\n\n\n\n<figure class=\"wp-block-image size-full is-resized\"><img loading=\"lazy\" decoding=\"async\" width=\"200\" height=\"200\" src=\"https:\/\/www.paint28.fi\/wp-content\/uploads\/2024\/04\/car-paint-icon-paint28.png\" alt=\"automaalaamo icon paint28\" class=\"wp-image-545\" style=\"width:103px\" srcset=\"https:\/\/www.paint28.fi\/wp-content\/uploads\/2024\/04\/car-paint-icon-paint28.png 200w, https:\/\/www.paint28.fi\/wp-content\/uploads\/2024\/04\/car-paint-icon-paint28-150x150.png 150w\" sizes=\"(max-width: 200px) 100vw, 200px\" \/><\/figure>\n\n\n\n<h2 class=\"wp-block-heading has-theme-palette-9-color has-text-color has-link-color wp-elements-0f66430bc2daa7e41aeda188b77d636c\">Automaalaamo<\/h2>\n\n\n\n<p><\/p>\n\n\n\n<h3 class=\"wp-block-heading has-theme-palette-9-color has-text-color has-link-color wp-elements-696216a828c2e95ba68a4cc9889e11b6\"><strong>Paint28 automaalamo. Toteutamme auton maalausty\u00f6t yli 20 vuoden kokemuksella.<\/strong><br><strong>Monipuolista ja huolellista automaalausta Helsingiss\u00e4, Tattarisuolla.<\/strong><\/h3>\n\n\n\n<p class=\"has-theme-palette-9-color has-text-color has-link-color wp-elements-2a6fb7a6d015d6bddb06b18b1496e44a\"><br>Saat meilt\u00e4 kaikenlaiset automaalausty\u00f6t. Automaalaamossamme maalaamme kaikki merkit sek\u00e4 mallit ja k\u00e4yt\u00e4mme ammattilaisk\u00e4ytt\u00f6\u00f6n tarkoitettuja laadukkaita maaleja. <br><br>Auton maalipinnan ollessa vaurioitunut peltiin saakka, tulee auton maalaus ajankohtaiseksi. Auton maalipinnan vaurioituneesta kohdasta ruoste voi p\u00e4\u00e4st\u00e4 levi\u00e4m\u00e4\u00e4n maalipinnan alle, joka voi aiheuttaa laajempaa ruosteen levi\u00e4mist\u00e4. <br>Suomen s\u00e4\u00e4olot huomioon ottaen on kannattavaa korjauttaa vaurioituneet maalipinnat mahdollisimman pian, jotta v\u00e4ltyt\u00e4\u00e4n suuremmilta remonteilta ja kuluilta. <br>Mit\u00e4 pienemm\u00e4t vauriot maalipinnassa ovat, sit\u00e4 helpommin ne saadaan korjattua.<\/p>\n\n\n\n<h5 class=\"wp-block-heading has-theme-palette-9-color has-text-color has-link-color wp-elements-6d7325f9cb152b55659d2683f30ce9ec\">Hoidamme maalaukset omissa Paint28 Automaalaamo tiloissamme.<br><\/h5>\n<\/div>\n\n\n\n<div class=\"wp-block-column is-layout-flow wp-block-column-is-layout-flow\" style=\"flex-basis:25%\">\n<p class=\"has-theme-palette-9-color has-text-color has-link-color wp-elements-50aa6ea06e0bfb9584b33bc9dd7ba70c\"><\/p>\n\n\n\n<p><\/p>\n\n\n\n<blockquote class=\"wp-block-quote has-theme-palette-9-color has-theme-palette-5-background-color has-text-color has-background has-link-color wp-elements-345c3e6d7bce032829560fcbc7f1aafa is-layout-flow wp-block-quote-is-layout-flow\">\n<p class=\"has-theme-palette-9-color has-theme-palette-5-background-color has-text-color has-background has-link-color wp-elements-34ba09fbd14f7f1743673fb3028a166d\"><br>\u201dAutomaalaus tulee aina teett\u00e4\u00e4 alan varmalla ammattilaisella, jotta ty\u00f6 tulee toteutettua laadukkaasti, asianmukaisesti, kest\u00e4v\u00e4sti ja tyylikk\u00e4\u00e4sti.\u201d<br><br>________________________________<\/p>\n<\/blockquote>\n\n\n\n<div class=\"wp-block-buttons is-content-justification-center is-layout-flex wp-container-core-buttons-is-layout-2 wp-block-buttons-is-layout-flex\">\n<div class=\"wp-block-button\"><a class=\"wp-block-button__link has-theme-palette-9-color has-theme-palette-6-background-color has-text-color has-background has-link-color wp-element-button\" href=\"https:\/\/www.paint28.fi\/?page_id=22\">Kysy tarjousta<\/a><\/div>\n<\/div>\n<\/div>\n<\/div>\n\n\n\n<h3 class=\"wp-block-heading alignwide has-text-align-center has-theme-palette-4-color has-theme-palette-7-background-color has-text-color has-background has-link-color wp-elements-38afe65e8c83fa2b06b57df8c4cd368d\">Auton ylimaalaus alkuper\u00e4isell\u00e4 tai uudella v\u00e4rill\u00e4 osittain tai kokonaan.<\/h3>\n\n\n\n<p class=\"has-theme-palette-4-color has-text-color has-link-color wp-elements-e31cf420b3177c13422ad0f97ebf7de3\"><a href=\"https:\/\/fi.wikipedia.org\/wiki\/Automaalaamo\">Automaalaamo<\/a><\/p>\n","protected":false},"excerpt":{"rendered":"<p>Auton ylimaalaus alkuper\u00e4isell\u00e4 tai uudella v\u00e4rill\u00e4 osittain tai kokonaan. Automaalaamo Paint28 automaalamo. Toteutamme auton maalausty\u00f6t yli 20 vuoden kokemuksella.Monipuolista ja huolellista automaalausta Helsingiss\u00e4, Tattarisuolla. Saat meilt\u00e4 kaikenlaiset automaalausty\u00f6t. Automaalaamossamme maalaamme kaikki merkit sek\u00e4 mallit ja k\u00e4yt\u00e4mme ammattilaisk\u00e4ytt\u00f6\u00f6n tarkoitettuja laadukkaita maaleja. Auton maalipinnan ollessa vaurioitunut peltiin saakka, tulee auton maalaus ajankohtaiseksi. Auton maalipinnan vaurioituneesta kohdasta ruoste&#8230;<\/p>\n","protected":false},"author":1,"featured_media":0,"parent":0,"menu_order":0,"comment_status":"closed","ping_status":"closed","template":"","meta":{"_kadence_starter_templates_imported_post":false,"_kad_post_transparent":"","_kad_post_title":"hide","_kad_post_layout":"","_kad_post_sidebar_id":"","_kad_post_content_style":"","_kad_post_vertical_padding":"","_kad_post_feature":"","_kad_post_feature_position":"","_kad_post_header":false,"_kad_post_footer":false,"_kad_post_classname":"","footnotes":""},"class_list":["post-18","page","type-page","status-publish","hentry"],"yoast_head":"<!-- This site is optimized with the Yoast SEO plugin v25.6 - https:\/\/yoast.com\/wordpress\/plugins\/seo\/ -->\n<title>Automaalaamo - Paint28 Helsinki<\/title>\n<meta name=\"description\" content=\"Paint28 automaalamo. Toteutamme auton maalausty\u00f6t yli 20 vuoden kokemuksella. Monipuolista ja huolellista automaalausta Helsingiss\u00e4.\" \/>\n<meta name=\"robots\" content=\"index, follow, max-snippet:-1, max-image-preview:large, max-video-preview:-1\" \/>\n<link rel=\"canonical\" href=\"https:\/\/www.paint28.fi\/?page_id=18\" \/>\n<meta property=\"og:locale\" content=\"fi_FI\" \/>\n<meta property=\"og:type\" content=\"article\" \/>\n<meta property=\"og:title\" content=\"Automaalaamo - Paint28 Helsinki\" \/>\n<meta property=\"og:description\" content=\"Paint28 automaalamo. Toteutamme auton maalausty\u00f6t yli 20 vuoden kokemuksella. Monipuolista ja huolellista automaalausta Helsingiss\u00e4.\" \/>\n<meta property=\"og:url\" content=\"https:\/\/www.paint28.fi\/?page_id=18\" \/>\n<meta property=\"og:site_name\" content=\"Paint28\" \/>\n<meta property=\"article:publisher\" content=\"https:\/\/www.facebook.com\/Paint28.fi\/\" \/>\n<meta property=\"article:modified_time\" content=\"2024-04-29T07:56:56+00:00\" \/>\n<meta property=\"og:image\" content=\"http:\/\/www.paint28.fi\/wp-content\/uploads\/2024\/03\/automaalaamo-kuva-2-scaled.jpg\" \/>\n<meta name=\"twitter:card\" content=\"summary_large_image\" \/>\n<meta name=\"twitter:label1\" content=\"Arvioitu lukuaika\" \/>\n\t<meta name=\"twitter:data1\" content=\"2 minuuttia\" \/>\n<script type=\"application\/ld+json\" class=\"yoast-schema-graph\">{\"@context\":\"https:\/\/schema.org\",\"@graph\":[{\"@type\":\"WebPage\",\"@id\":\"https:\/\/www.paint28.fi\/?page_id=18\",\"url\":\"https:\/\/www.paint28.fi\/?page_id=18\",\"name\":\"Automaalaamo - Paint28 Helsinki\",\"isPartOf\":{\"@id\":\"https:\/\/www.paint28.fi\/#website\"},\"primaryImageOfPage\":{\"@id\":\"https:\/\/www.paint28.fi\/?page_id=18#primaryimage\"},\"image\":{\"@id\":\"https:\/\/www.paint28.fi\/?page_id=18#primaryimage\"},\"thumbnailUrl\":\"http:\/\/www.paint28.fi\/wp-content\/uploads\/2024\/03\/automaalaamo-kuva-2-scaled.jpg\",\"datePublished\":\"2024-02-29T09:17:01+00:00\",\"dateModified\":\"2024-04-29T07:56:56+00:00\",\"description\":\"Paint28 automaalamo. Toteutamme auton maalausty\u00f6t yli 20 vuoden kokemuksella. Monipuolista ja huolellista automaalausta Helsingiss\u00e4.\",\"breadcrumb\":{\"@id\":\"https:\/\/www.paint28.fi\/?page_id=18#breadcrumb\"},\"inLanguage\":\"fi\",\"potentialAction\":[{\"@type\":\"ReadAction\",\"target\":[\"https:\/\/www.paint28.fi\/?page_id=18\"]}]},{\"@type\":\"ImageObject\",\"inLanguage\":\"fi\",\"@id\":\"https:\/\/www.paint28.fi\/?page_id=18#primaryimage\",\"url\":\"http:\/\/www.paint28.fi\/wp-content\/uploads\/2024\/03\/automaalaamo-kuva-2-scaled.jpg\",\"contentUrl\":\"http:\/\/www.paint28.fi\/wp-content\/uploads\/2024\/03\/automaalaamo-kuva-2-scaled.jpg\"},{\"@type\":\"BreadcrumbList\",\"@id\":\"https:\/\/www.paint28.fi\/?page_id=18#breadcrumb\",\"itemListElement\":[{\"@type\":\"ListItem\",\"position\":1,\"name\":\"Home\",\"item\":\"https:\/\/www.paint28.fi\/\"},{\"@type\":\"ListItem\",\"position\":2,\"name\":\"Automaalaamo\"}]},{\"@type\":\"WebSite\",\"@id\":\"https:\/\/www.paint28.fi\/#website\",\"url\":\"https:\/\/www.paint28.fi\/\",\"name\":\"Paint28\",\"description\":\"Auton maalaus- ja peltity&ouml;t Helsingiss&auml;, Tattarisuolla\",\"publisher\":{\"@id\":\"https:\/\/www.paint28.fi\/#organization\"},\"potentialAction\":[{\"@type\":\"SearchAction\",\"target\":{\"@type\":\"EntryPoint\",\"urlTemplate\":\"https:\/\/www.paint28.fi\/?s={search_term_string}\"},\"query-input\":{\"@type\":\"PropertyValueSpecification\",\"valueRequired\":true,\"valueName\":\"search_term_string\"}}],\"inLanguage\":\"fi\"},{\"@type\":\"Organization\",\"@id\":\"https:\/\/www.paint28.fi\/#organization\",\"name\":\"Paint28\",\"url\":\"https:\/\/www.paint28.fi\/\",\"logo\":{\"@type\":\"ImageObject\",\"inLanguage\":\"fi\",\"@id\":\"https:\/\/www.paint28.fi\/#\/schema\/logo\/image\/\",\"url\":\"https:\/\/www.paint28.fi\/wp-content\/uploads\/2024\/02\/Paint-logo-rgb.jpg\",\"contentUrl\":\"https:\/\/www.paint28.fi\/wp-content\/uploads\/2024\/02\/Paint-logo-rgb.jpg\",\"width\":600,\"height\":236,\"caption\":\"Paint28\"},\"image\":{\"@id\":\"https:\/\/www.paint28.fi\/#\/schema\/logo\/image\/\"},\"sameAs\":[\"https:\/\/www.facebook.com\/Paint28.fi\/\"]}]}<\/script>\n<!-- \/ Yoast SEO plugin. -->","yoast_head_json":{"title":"Automaalaamo - Paint28 Helsinki","description":"Paint28 automaalamo. Toteutamme auton maalausty\u00f6t yli 20 vuoden kokemuksella. Monipuolista ja huolellista automaalausta Helsingiss\u00e4.","robots":{"index":"index","follow":"follow","max-snippet":"max-snippet:-1","max-image-preview":"max-image-preview:large","max-video-preview":"max-video-preview:-1"},"canonical":"https:\/\/www.paint28.fi\/?page_id=18","og_locale":"fi_FI","og_type":"article","og_title":"Automaalaamo - Paint28 Helsinki","og_description":"Paint28 automaalamo. Toteutamme auton maalausty\u00f6t yli 20 vuoden kokemuksella. Monipuolista ja huolellista automaalausta Helsingiss\u00e4.","og_url":"https:\/\/www.paint28.fi\/?page_id=18","og_site_name":"Paint28","article_publisher":"https:\/\/www.facebook.com\/Paint28.fi\/","article_modified_time":"2024-04-29T07:56:56+00:00","og_image":[{"url":"http:\/\/www.paint28.fi\/wp-content\/uploads\/2024\/03\/automaalaamo-kuva-2-scaled.jpg","type":"","width":"","height":""}],"twitter_card":"summary_large_image","twitter_misc":{"Arvioitu lukuaika":"2 minuuttia"},"schema":{"@context":"https:\/\/schema.org","@graph":[{"@type":"WebPage","@id":"https:\/\/www.paint28.fi\/?page_id=18","url":"https:\/\/www.paint28.fi\/?page_id=18","name":"Automaalaamo - Paint28 Helsinki","isPartOf":{"@id":"https:\/\/www.paint28.fi\/#website"},"primaryImageOfPage":{"@id":"https:\/\/www.paint28.fi\/?page_id=18#primaryimage"},"image":{"@id":"https:\/\/www.paint28.fi\/?page_id=18#primaryimage"},"thumbnailUrl":"http:\/\/www.paint28.fi\/wp-content\/uploads\/2024\/03\/automaalaamo-kuva-2-scaled.jpg","datePublished":"2024-02-29T09:17:01+00:00","dateModified":"2024-04-29T07:56:56+00:00","description":"Paint28 automaalamo. Toteutamme auton maalausty\u00f6t yli 20 vuoden kokemuksella. Monipuolista ja huolellista automaalausta Helsingiss\u00e4.","breadcrumb":{"@id":"https:\/\/www.paint28.fi\/?page_id=18#breadcrumb"},"inLanguage":"fi","potentialAction":[{"@type":"ReadAction","target":["https:\/\/www.paint28.fi\/?page_id=18"]}]},{"@type":"ImageObject","inLanguage":"fi","@id":"https:\/\/www.paint28.fi\/?page_id=18#primaryimage","url":"http:\/\/www.paint28.fi\/wp-content\/uploads\/2024\/03\/automaalaamo-kuva-2-scaled.jpg","contentUrl":"http:\/\/www.paint28.fi\/wp-content\/uploads\/2024\/03\/automaalaamo-kuva-2-scaled.jpg"},{"@type":"BreadcrumbList","@id":"https:\/\/www.paint28.fi\/?page_id=18#breadcrumb","itemListElement":[{"@type":"ListItem","position":1,"name":"Home","item":"https:\/\/www.paint28.fi\/"},{"@type":"ListItem","position":2,"name":"Automaalaamo"}]},{"@type":"WebSite","@id":"https:\/\/www.paint28.fi\/#website","url":"https:\/\/www.paint28.fi\/","name":"Paint28","description":"Auton maalaus- ja peltity&ouml;t Helsingiss&auml;, Tattarisuolla","publisher":{"@id":"https:\/\/www.paint28.fi\/#organization"},"potentialAction":[{"@type":"SearchAction","target":{"@type":"EntryPoint","urlTemplate":"https:\/\/www.paint28.fi\/?s={search_term_string}"},"query-input":{"@type":"PropertyValueSpecification","valueRequired":true,"valueName":"search_term_string"}}],"inLanguage":"fi"},{"@type":"Organization","@id":"https:\/\/www.paint28.fi\/#organization","name":"Paint28","url":"https:\/\/www.paint28.fi\/","logo":{"@type":"ImageObject","inLanguage":"fi","@id":"https:\/\/www.paint28.fi\/#\/schema\/logo\/image\/","url":"https:\/\/www.paint28.fi\/wp-content\/uploads\/2024\/02\/Paint-logo-rgb.jpg","contentUrl":"https:\/\/www.paint28.fi\/wp-content\/uploads\/2024\/02\/Paint-logo-rgb.jpg","width":600,"height":236,"caption":"Paint28"},"image":{"@id":"https:\/\/www.paint28.fi\/#\/schema\/logo\/image\/"},"sameAs":["https:\/\/www.facebook.com\/Paint28.fi\/"]}]}},"_links":{"self":[{"href":"https:\/\/www.paint28.fi\/index.php?rest_route=\/wp\/v2\/pages\/18"}],"collection":[{"href":"https:\/\/www.paint28.fi\/index.php?rest_route=\/wp\/v2\/pages"}],"about":[{"href":"https:\/\/www.paint28.fi\/index.php?rest_route=\/wp\/v2\/types\/page"}],"author":[{"embeddable":true,"href":"https:\/\/www.paint28.fi\/index.php?rest_route=\/wp\/v2\/users\/1"}],"replies":[{"embeddable":true,"href":"https:\/\/www.paint28.fi\/index.php?rest_route=%2Fwp%2Fv2%2Fcomments&post=18"}],"version-history":[{"count":44,"href":"https:\/\/www.paint28.fi\/index.php?rest_route=\/wp\/v2\/pages\/18\/revisions"}],"predecessor-version":[{"id":556,"href":"https:\/\/www.paint28.fi\/index.php?rest_route=\/wp\/v2\/pages\/18\/revisions\/556"}],"wp:attachment":[{"href":"https:\/\/www.paint28.fi\/index.php?rest_route=%2Fwp%2Fv2%2Fmedia&parent=18"}],"curies":[{"name":"wp","href":"https:\/\/api.w.org\/{rel}","templated":true}]}}