{"id":20,"date":"2024-02-29T09:17:15","date_gmt":"2024-02-29T09:17:15","guid":{"rendered":"https:\/\/www.paint28.fi\/?page_id=20"},"modified":"2024-05-15T12:53:03","modified_gmt":"2024-05-15T12:53:03","slug":"peltikorjaus","status":"publish","type":"page","link":"https:\/\/www.paint28.fi\/?page_id=20","title":{"rendered":"Peltikorjaus"},"content":{"rendered":"\n<div class=\"wp-block-cover alignfull is-light\" style=\"margin-top:0;padding-top:48px;padding-right:48px;padding-bottom:48px;padding-left:48px;min-height:66vh;aspect-ratio:unset;\"><span aria-hidden=\"true\" class=\"wp-block-cover__background has-theme-palette-3-background-color has-background-dim-0 has-background-dim\"><\/span><img loading=\"lazy\" decoding=\"async\" width=\"1920\" height=\"1280\" class=\"wp-block-cover__image-background wp-image-521\" alt=\"\" src=\"https:\/\/www.paint28.fi\/wp-content\/uploads\/2024\/04\/paint28-hitsauskuva-kopio.jpg\" style=\"object-position:59% 16%\" data-object-fit=\"cover\" data-object-position=\"59% 16%\" srcset=\"https:\/\/www.paint28.fi\/wp-content\/uploads\/2024\/04\/paint28-hitsauskuva-kopio.jpg 1920w, https:\/\/www.paint28.fi\/wp-content\/uploads\/2024\/04\/paint28-hitsauskuva-kopio-300x200.jpg 300w, https:\/\/www.paint28.fi\/wp-content\/uploads\/2024\/04\/paint28-hitsauskuva-kopio-1024x683.jpg 1024w, https:\/\/www.paint28.fi\/wp-content\/uploads\/2024\/04\/paint28-hitsauskuva-kopio-768x512.jpg 768w, https:\/\/www.paint28.fi\/wp-content\/uploads\/2024\/04\/paint28-hitsauskuva-kopio-1536x1024.jpg 1536w\" sizes=\"(max-width: 1920px) 100vw, 1920px\" \/><div class=\"wp-block-cover__inner-container is-layout-flow wp-block-cover-is-layout-flow\">\n<div class=\"wp-block-group has-theme-palette-9-color has-text-color has-link-color wp-elements-7acc7e1dd348748f6173086d3248b996\"><div class=\"wp-block-group__inner-container is-layout-constrained wp-container-core-group-is-layout-1 wp-block-group-is-layout-constrained\">\n<h1 class=\"wp-block-heading has-text-align-center has-theme-palette-3-color has-text-color\" style=\"font-size:35px;font-style:normal;font-weight:700;letter-spacing:0px;line-height:1;text-transform:uppercase\">Sattuiko vahinko?<br><strong>Miten voisimme olla avuksi?<\/strong> <\/h1>\n<\/div><\/div>\n\n\n\n<div style=\"height:72px\" aria-hidden=\"true\" class=\"wp-block-spacer\"><\/div>\n\n\n\n<div class=\"wp-block-buttons is-content-justification-center is-nowrap is-layout-flex wp-container-core-buttons-is-layout-1 wp-block-buttons-is-layout-flex\"><\/div>\n<\/div><\/div>\n\n\n\n<div class=\"wp-block-columns alignwide is-layout-flex wp-container-core-columns-is-layout-2 wp-block-columns-is-layout-flex\">\n<div class=\"wp-block-column is-layout-flow wp-block-column-is-layout-flow\" style=\"flex-basis:25%\"><\/div>\n\n\n\n<div class=\"wp-block-column is-layout-flow wp-block-column-is-layout-flow\" style=\"padding-right:var(--wp--preset--spacing--40);padding-left:var(--wp--preset--spacing--40);flex-basis:50%\">\n<figure class=\"wp-block-image size-full is-resized\"><img loading=\"lazy\" decoding=\"async\" width=\"200\" height=\"200\" src=\"https:\/\/www.paint28.fi\/wp-content\/uploads\/2024\/04\/car-work-icon-paint28.png\" alt=\"peltikorjaamo icon paint28\" class=\"wp-image-544\" style=\"width:103px\" srcset=\"https:\/\/www.paint28.fi\/wp-content\/uploads\/2024\/04\/car-work-icon-paint28.png 200w, https:\/\/www.paint28.fi\/wp-content\/uploads\/2024\/04\/car-work-icon-paint28-150x150.png 150w\" sizes=\"(max-width: 200px) 100vw, 200px\" \/><\/figure>\n\n\n\n<h2 class=\"wp-block-heading has-theme-palette-9-color has-text-color has-link-color wp-elements-c2f9758cb9d2ab1b05f97f61229b7cb8\">Peltikorjaamo, peltity\u00f6t , peltikorjaus<\/h2>\n\n\n\n<p><\/p>\n\n\n\n<h5 class=\"wp-block-heading has-theme-palette-9-color has-text-color has-link-color wp-elements-53f7fcc4a08c0a33cb726ca6ed478801\"><strong>Paint28, Helsinki: Peltity\u00f6t ja peltikorjaus peltikorjaamollamme. <br>Korjaamme pienet ja isot kolhut, naarmut, osien vaihdot, my\u00f6s muoviosat, tarpeen vaatiessa valmistamme my\u00f6s uusia peltiosia.<\/strong><br><\/h5>\n\n\n\n<p class=\"has-theme-palette-9-color has-text-color has-link-color wp-elements-6c8ed7342696376ae2586f3aa605b70b\">V\u00e4lill\u00e4 pelti rytisee  liikenteess\u00e4, vaikka olisi kuinka varovainen.<br><br>Peltikorjaamollamme Helsingiss\u00e4, Tattarisuolla saamme autosi kuntoon ja matkasi p\u00e4\u00e4see jatkumaan, olipa kyseess\u00e4 sitten henkil\u00f6- tai pakettiauto.<br>Autopeltisepp\u00e4mme on kokenut konkari, jolta onnistuvat ty\u00f6t kuin ty\u00f6t.<br>Korjaamme pienet ja isot kolhut, naarmut, osien vaihdot, my\u00f6s muoviosat, tarpeen vaatiessa  valmistamme my\u00f6s uusia peltiosia.<br><br>Meill\u00e4 on vuosikymmenten kokemus ja osaaminen peltit\u00f6ist\u00e4 sek\u00e4 hyv\u00e4t ty\u00f6kalut korjaustoimenpiteit\u00e4 varten.&nbsp;<\/p>\n\n\n\n<h5 class=\"wp-block-heading has-theme-palette-9-color has-text-color has-link-color wp-elements-ba0bc5cbb28fcf76210a4f9ebb0b00c6\"><br>Mahdollisuus <a href=\"https:\/\/www.auto28.fi\/index.php\/auton-vuokraus\/\">sijaisauton vuokraamiseen<\/a> korjaust\u00f6iden ajaksi, alk. 30\u20ac\/vrk.<br><\/h5>\n\n\n\n<h5 class=\"wp-block-heading has-theme-palette-9-color has-theme-palette-3-background-color has-text-color has-background has-link-color wp-elements-1f9f1f13385dbda63f572847928316dd\"><strong>Yhteydenotto lomake<\/strong><\/h5>\n\n\n\n<div class=\"wp-block-columns is-layout-flex wp-container-core-columns-is-layout-1 wp-block-columns-is-layout-flex\">\n<div class=\"wp-block-column is-vertically-aligned-top has-theme-palette-7-background-color has-background is-layout-flow wp-block-column-is-layout-flow\" style=\"padding-right:var(--wp--preset--spacing--40);padding-left:var(--wp--preset--spacing--40)\">\n<div class=\"wp-block-contact-form-7-contact-form-selector\">\n<div class=\"wpcf7 no-js\" id=\"wpcf7-f489-o1\" lang=\"en-US\" dir=\"ltr\" data-wpcf7-id=\"489\">\n<div class=\"screen-reader-response\"><p role=\"status\" aria-live=\"polite\" aria-atomic=\"true\"><\/p> <ul><\/ul><\/div>\n<form action=\"\/index.php?rest_route=%2Fwp%2Fv2%2Fpages%2F20#wpcf7-f489-o1\" method=\"post\" class=\"wpcf7-form init\" aria-label=\"Contact form\" enctype=\"multipart\/form-data\" novalidate=\"novalidate\" data-status=\"init\">\n<div style=\"display: none;\">\n<input type=\"hidden\" name=\"_wpcf7\" value=\"489\" \/>\n<input type=\"hidden\" name=\"_wpcf7_version\" value=\"6.0.6\" \/>\n<input type=\"hidden\" name=\"_wpcf7_locale\" value=\"en_US\" \/>\n<input type=\"hidden\" name=\"_wpcf7_unit_tag\" value=\"wpcf7-f489-o1\" \/>\n<input type=\"hidden\" name=\"_wpcf7_container_post\" value=\"0\" \/>\n<input type=\"hidden\" name=\"_wpcf7_posted_data_hash\" value=\"\" \/>\n<\/div>\n<p><label> Nimi<br \/>\n<span class=\"wpcf7-form-control-wrap\" data-name=\"your-name\"><input size=\"40\" maxlength=\"400\" class=\"wpcf7-form-control wpcf7-text wpcf7-validates-as-required\" autocomplete=\"name\" aria-required=\"true\" aria-invalid=\"false\" value=\"\" type=\"text\" name=\"your-name\" \/><\/span> <\/label>\n<\/p>\n<p><label> S\u00e4hk\u00f6posti<br \/>\n<span class=\"wpcf7-form-control-wrap\" data-name=\"your-email\"><input size=\"40\" maxlength=\"400\" class=\"wpcf7-form-control wpcf7-email wpcf7-validates-as-required wpcf7-text wpcf7-validates-as-email\" autocomplete=\"email\" aria-required=\"true\" aria-invalid=\"false\" value=\"\" type=\"email\" name=\"your-email\" \/><\/span> <\/label>\n<\/p>\n<p><label> Aihe<br \/>\n<span class=\"wpcf7-form-control-wrap\" data-name=\"your-subject\"><input size=\"40\" maxlength=\"400\" class=\"wpcf7-form-control wpcf7-text wpcf7-validates-as-required\" aria-required=\"true\" aria-invalid=\"false\" value=\"\" type=\"text\" name=\"your-subject\" \/><\/span> <\/label><br \/>\n<span class=\"wpcf7-form-control-wrap\" data-name=\"file-418\"><input size=\"40\" class=\"wpcf7-form-control wpcf7-file\" accept=\"audio\/*,video\/*,image\/*\" aria-invalid=\"false\" type=\"file\" name=\"file-418\" \/><\/span>\n<\/p>\n<p><label> Viestisi<br \/>\n<span class=\"wpcf7-form-control-wrap\" data-name=\"your-message\"><textarea cols=\"40\" rows=\"10\" maxlength=\"2000\" class=\"wpcf7-form-control wpcf7-textarea\" aria-invalid=\"false\" name=\"your-message\"><\/textarea><\/span> <\/label>\n<\/p>\n<p><input class=\"wpcf7-form-control wpcf7-submit has-spinner\" type=\"submit\" value=\"L\u00e4het\u00e4\" \/>\n<\/p><div class=\"wpcf7-response-output\" aria-hidden=\"true\"><\/div>\n<\/form>\n<\/div>\n<\/div>\n<\/div>\n<\/div>\n<\/div>\n\n\n\n<div class=\"wp-block-column has-theme-palette-8-color has-theme-palette-5-background-color has-text-color has-background has-link-color wp-elements-70040430e5b7e4b826dd83a463bc5200 is-layout-flow wp-block-column-is-layout-flow\" style=\"padding-right:var(--wp--preset--spacing--70);padding-left:var(--wp--preset--spacing--70);flex-basis:27%\">\n<h4 class=\"wp-block-heading has-text-align-center has-theme-palette-9-color has-text-color has-link-color wp-elements-d8e244d35ad6949669025891955428fb\"><br><strong>Poikkea k\u00e4ym\u00e4\u00e4n ja <a href=\"https:\/\/www.paint28.fi\/yhteystiedot\/\">pyyd\u00e4 tarjous<\/a>. <\/strong><\/h4>\n\n\n<div class=\"wp-block-image is-style-default\">\n<figure class=\"aligncenter size-full is-resized\"><img loading=\"lazy\" decoding=\"async\" width=\"550\" height=\"523\" src=\"https:\/\/www.paint28.fi\/wp-content\/uploads\/2024\/03\/kolariauto.jpg\" alt=\"Kuva kolaroidusta pakettiautosta, jossa etukulma on rytyss\u00e4.\" class=\"wp-image-176\" style=\"width:306px;height:auto\" srcset=\"https:\/\/www.paint28.fi\/wp-content\/uploads\/2024\/03\/kolariauto.jpg 550w, https:\/\/www.paint28.fi\/wp-content\/uploads\/2024\/03\/kolariauto-300x285.jpg 300w\" sizes=\"(max-width: 550px) 100vw, 550px\" \/><\/figure><\/div>\n\n\n<p class=\"has-text-align-left\">Jos haluat tarjouksen s\u00e4hk\u00f6postin kautta, ota kuva koko autosta sek\u00e4 vauriosta.<br><br>L\u00e4het\u00e4 meille s\u00e4hk\u00f6postia tai k\u00e4yt\u00e4 yhteydenotto lomaketta.<\/p>\n\n\n\n<div class=\"wp-block-buttons is-content-justification-center is-layout-flex wp-container-core-buttons-is-layout-2 wp-block-buttons-is-layout-flex\"><\/div>\n\n\n\n<p>Pesu- ja siivouspalvelut&nbsp;<br>Auton pesupalvelut henkil\u00f6 ja pakettiautot.<\/p>\n\n\n\n<p>Sis\u00e4pesu, kevyempi tai perusteellisempi <br>esim. penkkien pesu,<br>ulkopesu, vahaus, kiillotus<br>imurointi<\/p>\n\n\n\n<p>pyyd\u00e4 tarjous 0405743094&nbsp;<\/p>\n<\/div>\n<\/div>\n\n\n\n<div class=\"wp-block-columns alignfull is-layout-flex wp-container-core-columns-is-layout-3 wp-block-columns-is-layout-flex\">\n<div class=\"wp-block-column is-layout-flow wp-block-column-is-layout-flow\">\n<h2 class=\"wp-block-heading alignfull has-text-align-center has-theme-palette-3-color has-theme-palette-7-background-color has-text-color has-background has-link-color wp-elements-00cedd1be085cb1a1647e1902e508219\"><strong>Lopputulos kest\u00e4\u00e4 tarkastelua ja k\u00e4ytt\u00f6\u00e4.<\/strong><\/h2>\n<\/div>\n<\/div>\n\n\n\n<p><\/p>\n","protected":false},"excerpt":{"rendered":"<p>Peltikorjaamo, peltity\u00f6t , peltikorjaus Paint28, Helsinki: Peltity\u00f6t ja peltikorjaus peltikorjaamollamme. Korjaamme pienet ja isot kolhut, naarmut, osien vaihdot, my\u00f6s muoviosat, tarpeen vaatiessa valmistamme my\u00f6s uusia peltiosia. V\u00e4lill\u00e4 pelti rytisee liikenteess\u00e4, vaikka olisi kuinka varovainen. Peltikorjaamollamme Helsingiss\u00e4, Tattarisuolla saamme autosi kuntoon ja matkasi p\u00e4\u00e4see jatkumaan, olipa kyseess\u00e4 sitten henkil\u00f6- tai pakettiauto.Autopeltisepp\u00e4mme on kokenut konkari, jolta onnistuvat&#8230;<\/p>\n","protected":false},"author":1,"featured_media":0,"parent":0,"menu_order":0,"comment_status":"closed","ping_status":"closed","template":"","meta":{"_kadence_starter_templates_imported_post":false,"_kad_post_transparent":"","_kad_post_title":"hide","_kad_post_layout":"","_kad_post_sidebar_id":"","_kad_post_content_style":"","_kad_post_vertical_padding":"","_kad_post_feature":"","_kad_post_feature_position":"","_kad_post_header":false,"_kad_post_footer":false,"_kad_post_classname":"","footnotes":""},"class_list":["post-20","page","type-page","status-publish","hentry"],"yoast_head":"<!-- This site is optimized with the Yoast SEO plugin v25.6 - https:\/\/yoast.com\/wordpress\/plugins\/seo\/ -->\n<title>Peltikorjaus | Paint28 Helsinki<\/title>\n<meta name=\"description\" content=\"Paint28, Helsinki. Peltity\u00f6t, peltikorjaus. Korjaamme pienet ja isot kolhut, naarmut, osien vaihdot, my\u00f6s muoviosat, sek\u00e4 uusia peltiosia.\" \/>\n<meta name=\"robots\" content=\"index, follow, max-snippet:-1, max-image-preview:large, max-video-preview:-1\" \/>\n<link rel=\"canonical\" href=\"https:\/\/www.paint28.fi\/?page_id=20\" \/>\n<meta property=\"og:locale\" content=\"fi_FI\" \/>\n<meta property=\"og:type\" content=\"article\" \/>\n<meta property=\"og:title\" content=\"Peltikorjaus | Paint28 Helsinki\" \/>\n<meta property=\"og:description\" content=\"Paint28, Helsinki. Peltity\u00f6t, peltikorjaus. Korjaamme pienet ja isot kolhut, naarmut, osien vaihdot, my\u00f6s muoviosat, sek\u00e4 uusia peltiosia.\" \/>\n<meta property=\"og:url\" content=\"https:\/\/www.paint28.fi\/?page_id=20\" \/>\n<meta property=\"og:site_name\" content=\"Paint28\" \/>\n<meta property=\"article:publisher\" content=\"https:\/\/www.facebook.com\/Paint28.fi\/\" \/>\n<meta property=\"article:modified_time\" content=\"2024-05-15T12:53:03+00:00\" \/>\n<meta property=\"og:image\" content=\"https:\/\/www.paint28.fi\/wp-content\/uploads\/2024\/04\/paint28-hitsauskuva-kopio.jpg\" \/>\n<meta name=\"twitter:card\" content=\"summary_large_image\" \/>\n<meta name=\"twitter:label1\" content=\"Arvioitu lukuaika\" \/>\n\t<meta name=\"twitter:data1\" content=\"2 minuuttia\" \/>\n<script type=\"application\/ld+json\" class=\"yoast-schema-graph\">{\"@context\":\"https:\/\/schema.org\",\"@graph\":[{\"@type\":\"WebPage\",\"@id\":\"https:\/\/www.paint28.fi\/?page_id=20\",\"url\":\"https:\/\/www.paint28.fi\/?page_id=20\",\"name\":\"Peltikorjaus | Paint28 Helsinki\",\"isPartOf\":{\"@id\":\"https:\/\/www.paint28.fi\/#website\"},\"primaryImageOfPage\":{\"@id\":\"https:\/\/www.paint28.fi\/?page_id=20#primaryimage\"},\"image\":{\"@id\":\"https:\/\/www.paint28.fi\/?page_id=20#primaryimage\"},\"thumbnailUrl\":\"https:\/\/www.paint28.fi\/wp-content\/uploads\/2024\/04\/paint28-hitsauskuva-kopio.jpg\",\"datePublished\":\"2024-02-29T09:17:15+00:00\",\"dateModified\":\"2024-05-15T12:53:03+00:00\",\"description\":\"Paint28, Helsinki. Peltity\u00f6t, peltikorjaus. Korjaamme pienet ja isot kolhut, naarmut, osien vaihdot, my\u00f6s muoviosat, sek\u00e4 uusia peltiosia.\",\"breadcrumb\":{\"@id\":\"https:\/\/www.paint28.fi\/?page_id=20#breadcrumb\"},\"inLanguage\":\"fi\",\"potentialAction\":[{\"@type\":\"ReadAction\",\"target\":[\"https:\/\/www.paint28.fi\/?page_id=20\"]}]},{\"@type\":\"ImageObject\",\"inLanguage\":\"fi\",\"@id\":\"https:\/\/www.paint28.fi\/?page_id=20#primaryimage\",\"url\":\"https:\/\/www.paint28.fi\/wp-content\/uploads\/2024\/04\/paint28-hitsauskuva-kopio.jpg\",\"contentUrl\":\"https:\/\/www.paint28.fi\/wp-content\/uploads\/2024\/04\/paint28-hitsauskuva-kopio.jpg\",\"width\":1920,\"height\":1280},{\"@type\":\"BreadcrumbList\",\"@id\":\"https:\/\/www.paint28.fi\/?page_id=20#breadcrumb\",\"itemListElement\":[{\"@type\":\"ListItem\",\"position\":1,\"name\":\"Home\",\"item\":\"https:\/\/www.paint28.fi\/\"},{\"@type\":\"ListItem\",\"position\":2,\"name\":\"Peltikorjaus\"}]},{\"@type\":\"WebSite\",\"@id\":\"https:\/\/www.paint28.fi\/#website\",\"url\":\"https:\/\/www.paint28.fi\/\",\"name\":\"Paint28\",\"description\":\"Auton maalaus- ja peltity&ouml;t Helsingiss&auml;, Tattarisuolla\",\"publisher\":{\"@id\":\"https:\/\/www.paint28.fi\/#organization\"},\"potentialAction\":[{\"@type\":\"SearchAction\",\"target\":{\"@type\":\"EntryPoint\",\"urlTemplate\":\"https:\/\/www.paint28.fi\/?s={search_term_string}\"},\"query-input\":{\"@type\":\"PropertyValueSpecification\",\"valueRequired\":true,\"valueName\":\"search_term_string\"}}],\"inLanguage\":\"fi\"},{\"@type\":\"Organization\",\"@id\":\"https:\/\/www.paint28.fi\/#organization\",\"name\":\"Paint28\",\"url\":\"https:\/\/www.paint28.fi\/\",\"logo\":{\"@type\":\"ImageObject\",\"inLanguage\":\"fi\",\"@id\":\"https:\/\/www.paint28.fi\/#\/schema\/logo\/image\/\",\"url\":\"https:\/\/www.paint28.fi\/wp-content\/uploads\/2024\/02\/Paint-logo-rgb.jpg\",\"contentUrl\":\"https:\/\/www.paint28.fi\/wp-content\/uploads\/2024\/02\/Paint-logo-rgb.jpg\",\"width\":600,\"height\":236,\"caption\":\"Paint28\"},\"image\":{\"@id\":\"https:\/\/www.paint28.fi\/#\/schema\/logo\/image\/\"},\"sameAs\":[\"https:\/\/www.facebook.com\/Paint28.fi\/\"]}]}<\/script>\n<!-- \/ Yoast SEO plugin. -->","yoast_head_json":{"title":"Peltikorjaus | Paint28 Helsinki","description":"Paint28, Helsinki. Peltity\u00f6t, peltikorjaus. Korjaamme pienet ja isot kolhut, naarmut, osien vaihdot, my\u00f6s muoviosat, sek\u00e4 uusia peltiosia.","robots":{"index":"index","follow":"follow","max-snippet":"max-snippet:-1","max-image-preview":"max-image-preview:large","max-video-preview":"max-video-preview:-1"},"canonical":"https:\/\/www.paint28.fi\/?page_id=20","og_locale":"fi_FI","og_type":"article","og_title":"Peltikorjaus | Paint28 Helsinki","og_description":"Paint28, Helsinki. Peltity\u00f6t, peltikorjaus. Korjaamme pienet ja isot kolhut, naarmut, osien vaihdot, my\u00f6s muoviosat, sek\u00e4 uusia peltiosia.","og_url":"https:\/\/www.paint28.fi\/?page_id=20","og_site_name":"Paint28","article_publisher":"https:\/\/www.facebook.com\/Paint28.fi\/","article_modified_time":"2024-05-15T12:53:03+00:00","og_image":[{"url":"https:\/\/www.paint28.fi\/wp-content\/uploads\/2024\/04\/paint28-hitsauskuva-kopio.jpg","type":"","width":"","height":""}],"twitter_card":"summary_large_image","twitter_misc":{"Arvioitu lukuaika":"2 minuuttia"},"schema":{"@context":"https:\/\/schema.org","@graph":[{"@type":"WebPage","@id":"https:\/\/www.paint28.fi\/?page_id=20","url":"https:\/\/www.paint28.fi\/?page_id=20","name":"Peltikorjaus | Paint28 Helsinki","isPartOf":{"@id":"https:\/\/www.paint28.fi\/#website"},"primaryImageOfPage":{"@id":"https:\/\/www.paint28.fi\/?page_id=20#primaryimage"},"image":{"@id":"https:\/\/www.paint28.fi\/?page_id=20#primaryimage"},"thumbnailUrl":"https:\/\/www.paint28.fi\/wp-content\/uploads\/2024\/04\/paint28-hitsauskuva-kopio.jpg","datePublished":"2024-02-29T09:17:15+00:00","dateModified":"2024-05-15T12:53:03+00:00","description":"Paint28, Helsinki. Peltity\u00f6t, peltikorjaus. Korjaamme pienet ja isot kolhut, naarmut, osien vaihdot, my\u00f6s muoviosat, sek\u00e4 uusia peltiosia.","breadcrumb":{"@id":"https:\/\/www.paint28.fi\/?page_id=20#breadcrumb"},"inLanguage":"fi","potentialAction":[{"@type":"ReadAction","target":["https:\/\/www.paint28.fi\/?page_id=20"]}]},{"@type":"ImageObject","inLanguage":"fi","@id":"https:\/\/www.paint28.fi\/?page_id=20#primaryimage","url":"https:\/\/www.paint28.fi\/wp-content\/uploads\/2024\/04\/paint28-hitsauskuva-kopio.jpg","contentUrl":"https:\/\/www.paint28.fi\/wp-content\/uploads\/2024\/04\/paint28-hitsauskuva-kopio.jpg","width":1920,"height":1280},{"@type":"BreadcrumbList","@id":"https:\/\/www.paint28.fi\/?page_id=20#breadcrumb","itemListElement":[{"@type":"ListItem","position":1,"name":"Home","item":"https:\/\/www.paint28.fi\/"},{"@type":"ListItem","position":2,"name":"Peltikorjaus"}]},{"@type":"WebSite","@id":"https:\/\/www.paint28.fi\/#website","url":"https:\/\/www.paint28.fi\/","name":"Paint28","description":"Auton maalaus- ja peltity&ouml;t Helsingiss&auml;, Tattarisuolla","publisher":{"@id":"https:\/\/www.paint28.fi\/#organization"},"potentialAction":[{"@type":"SearchAction","target":{"@type":"EntryPoint","urlTemplate":"https:\/\/www.paint28.fi\/?s={search_term_string}"},"query-input":{"@type":"PropertyValueSpecification","valueRequired":true,"valueName":"search_term_string"}}],"inLanguage":"fi"},{"@type":"Organization","@id":"https:\/\/www.paint28.fi\/#organization","name":"Paint28","url":"https:\/\/www.paint28.fi\/","logo":{"@type":"ImageObject","inLanguage":"fi","@id":"https:\/\/www.paint28.fi\/#\/schema\/logo\/image\/","url":"https:\/\/www.paint28.fi\/wp-content\/uploads\/2024\/02\/Paint-logo-rgb.jpg","contentUrl":"https:\/\/www.paint28.fi\/wp-content\/uploads\/2024\/02\/Paint-logo-rgb.jpg","width":600,"height":236,"caption":"Paint28"},"image":{"@id":"https:\/\/www.paint28.fi\/#\/schema\/logo\/image\/"},"sameAs":["https:\/\/www.facebook.com\/Paint28.fi\/"]}]}},"_links":{"self":[{"href":"https:\/\/www.paint28.fi\/index.php?rest_route=\/wp\/v2\/pages\/20"}],"collection":[{"href":"https:\/\/www.paint28.fi\/index.php?rest_route=\/wp\/v2\/pages"}],"about":[{"href":"https:\/\/www.paint28.fi\/index.php?rest_route=\/wp\/v2\/types\/page"}],"author":[{"embeddable":true,"href":"https:\/\/www.paint28.fi\/index.php?rest_route=\/wp\/v2\/users\/1"}],"replies":[{"embeddable":true,"href":"https:\/\/www.paint28.fi\/index.php?rest_route=%2Fwp%2Fv2%2Fcomments&post=20"}],"version-history":[{"count":77,"href":"https:\/\/www.paint28.fi\/index.php?rest_route=\/wp\/v2\/pages\/20\/revisions"}],"predecessor-version":[{"id":663,"href":"https:\/\/www.paint28.fi\/index.php?rest_route=\/wp\/v2\/pages\/20\/revisions\/663"}],"wp:attachment":[{"href":"https:\/\/www.paint28.fi\/index.php?rest_route=%2Fwp%2Fv2%2Fmedia&parent=20"}],"curies":[{"name":"wp","href":"https:\/\/api.w.org\/{rel}","templated":true}]}}