{"id":283,"date":"2024-03-12T14:05:40","date_gmt":"2024-03-12T14:05:40","guid":{"rendered":"https:\/\/www.paint28.fi\/?page_id=283"},"modified":"2024-03-13T06:55:25","modified_gmt":"2024-03-13T06:55:25","slug":"tietosuojaseloste","status":"publish","type":"page","link":"https:\/\/www.paint28.fi\/?page_id=283","title":{"rendered":"Tietosuojaseloste"},"content":{"rendered":"\n<p><\/p>\n\n\n\n<p><\/p>\n\n\n\n<p><\/p>\n\n\n\n<div class=\"wp-block-columns is-layout-flex wp-container-core-columns-is-layout-2 wp-block-columns-is-layout-flex\">\n<div class=\"wp-block-column is-layout-flow wp-block-column-is-layout-flow\">\n<h2 class=\"wp-block-heading has-theme-palette-8-color has-text-color has-link-color wp-elements-cfef0c3a59a511b75f1ae935a5b33124\">Who we are<\/h2>\n\n\n\n<p class=\"has-theme-palette-7-color has-text-color has-link-color wp-elements-103b91c77c77ece06c7480f93e9c37ce\"><a><\/a>Our website address is: https:\/\/www.paint28.fi.<\/p>\n\n\n\n<h2 class=\"wp-block-heading has-theme-palette-7-color has-text-color has-link-color wp-elements-8a591483a0184d39ff0689b1723f8b94\"><a><\/a> Media<\/h2>\n\n\n\n<p class=\"has-theme-palette-7-color has-text-color has-link-color wp-elements-7c049a60bee0b7c6f9dc7102d61a9c3c\"><a><\/a>If you upload images to the website, you should avoid uploading images with embedded location data (EXIF GPS) included. Visitors to the website can download and extract any location data from images on the website.<\/p>\n\n\n\n<h2 class=\"wp-block-heading has-theme-palette-7-color has-text-color has-link-color wp-elements-6821c6cfdf24ea0c274dd7b02a1d57ef\"><a><\/a> Cookies<\/h2>\n\n\n\n<p class=\"has-theme-palette-7-color has-text-color has-link-color wp-elements-734db47c1375427a7d40dae2c5b384b3\"><a><\/a>If you leave a comment on our site you may opt-in to saving your name, email address and website in cookies. These are for your convenience so that you do not have to fill in your details again when you leave another comment. These cookies will last for one year.<\/p>\n\n\n\n<p class=\"has-theme-palette-7-color has-text-color has-link-color wp-elements-7df4c8c1099bd4d7537ff36921f721e9\"><a><\/a>If you visit our login page, we will set a temporary cookie to determine if your browser accepts cookies. This cookie contains no personal data and is discarded when you close your browser.<\/p>\n\n\n\n<p class=\"has-theme-palette-7-color has-text-color has-link-color wp-elements-6de1ce7cfda3537b71df71caaa779253\"><a><\/a>When you log in, we will also set up several cookies to save your login information and your screen display choices. Login cookies last for two days, and screen options cookies last for a year. If you select &#8221;Remember Me&#8221;, your login will persist for two weeks. If you log out of your account, the login cookies will be removed.<\/p>\n\n\n\n<p class=\"has-theme-palette-7-color has-text-color has-link-color wp-elements-96ca944b768c8342a87c8ce10a796a0d\"><a><\/a>If you edit or publish an article, an additional cookie will be saved in your browser. This cookie includes no personal data and simply indicates the post ID of the article you just edited. It expires after 1 day.<\/p>\n\n\n\n<h2 class=\"wp-block-heading has-theme-palette-7-color has-text-color has-link-color wp-elements-0644e43577980d3f84f41e9657d68de7\"><a><\/a> Embedded content from other websites<\/h2>\n\n\n\n<p class=\"has-theme-palette-7-color has-text-color has-link-color wp-elements-b42badd211de4bb0c646003e4fe28339\"><a><\/a>Articles on this site may include embedded content (e.g. videos, images, articles, etc.). Embedded content from other websites behaves in the exact same way as if the visitor has visited the other website.<\/p>\n\n\n\n<p class=\"has-theme-palette-7-color has-text-color has-link-color wp-elements-4bc0f215772d682d5ae35f1b2010e052\">These websites may collect data about you, use cookies, embed additional third-party tracking, and monitor your interaction with that embedded content, including tracking your interaction with the embedded content if you have an account and are logged in to that website.<\/p>\n\n\n\n<h2 class=\"wp-block-heading has-theme-palette-7-color has-text-color has-link-color wp-elements-d0eddb6b65e182ab6a09ebceeaddbae8\"><a><\/a> How long we retain your data<\/h2>\n\n\n\n<p class=\"has-theme-palette-7-color has-text-color has-link-color wp-elements-88c3c33622d6660630a75d25732290f0\"><a><\/a>If you leave a comment, the comment and its metadata are retained indefinitely. This is so we can recognize and approve any follow-up comments automatically instead of holding them in a moderation queue.<\/p>\n\n\n\n<p class=\"has-theme-palette-7-color has-text-color has-link-color wp-elements-e4a911b787583606491f6760f6e56ea3\"><a><\/a>For users that register on our website (if any), we also store the personal information they provide in their user profile. All users can see, edit, or delete their personal information at any time (except they cannot change their username). Website administrators can also see and edit that information.<\/p>\n\n\n\n<h2 class=\"wp-block-heading has-theme-palette-7-color has-text-color has-link-color wp-elements-db6a31ba7aa01b6d185c5909a1e3184e\"><a><\/a> What rights you have over your data<\/h2>\n\n\n\n<p class=\"has-theme-palette-7-color has-text-color has-link-color wp-elements-d299dff9269fc74a5f2fa3475cbea921\"><a><\/a>If you have an account on this site, or have left comments, you can request to receive an exported file of the personal data we hold about you, including any data you have provided to us. You can also request that we erase any personal data we hold about you. This does not include any data we are obliged to keep for administrative, legal, or security purposes.<\/p>\n\n\n\n<h2 class=\"wp-block-heading has-theme-palette-7-color has-text-color has-link-color wp-elements-4b3722e77a992547403d3f8e7058f9d8\"><a><\/a> Where your data is sent<\/h2>\n\n\n\n<p class=\"has-theme-palette-7-color has-text-color has-link-color wp-elements-f4e60a73bd2d12e259e8c0787d1db2d0\"><a><\/a>Visitor comments may be checked through an automated spam detection service.<\/p>\n\n\n\n<p class=\"has-theme-palette-7-color has-text-color has-link-color wp-elements-249efb6bfe64aa4726bfae4fae2dc138\"><br><\/p>\n\n\n\n<div class=\"wp-block-columns has-theme-palette-6-background-color has-background is-layout-flex wp-container-core-columns-is-layout-1 wp-block-columns-is-layout-flex\">\n<div class=\"wp-block-column is-layout-flow wp-block-column-is-layout-flow\" style=\"flex-basis:33.33%\">\n<p><\/p>\n\n\n\n<ul class=\"wp-block-list\">\n<li><strong>K\u00e4ytt\u00e4j\u00e4statistiikka ker\u00e4t\u00e4\u00e4n my\u00f6s ev\u00e4steett\u00f6m\u00e4ll\u00e4 Matomo-analytiikallla, jonka tiedot tallentuvat samalle palvelimelle muiden sivuston tietojen kanssa.&nbsp;<br>K\u00e4yt\u00f6n analysointia varten Matomo-analytiikkaj\u00e4rjestelm\u00e4\u00e4n ker\u00e4t\u00e4\u00e4n seuraavat tiedot:<\/strong><br><br>Anonymisoitu IP-osoite<\/li>\n<\/ul>\n<\/div>\n\n\n\n<div class=\"wp-block-column is-layout-flow wp-block-column-is-layout-flow\" style=\"flex-basis:66.66%\">\n<ul class=\"wp-block-list\">\n<li>Selaintyyppi\/-versio&nbsp;&nbsp;<\/li>\n\n\n\n<li>Selaimen kieliversio&nbsp;<\/li>\n\n\n\n<li>K\u00e4ytt\u00f6j\u00e4rjestelm\u00e4&nbsp;&nbsp;<\/li>\n\n\n\n<li>Laitemerkki, laitetyyppi, laitemalli&nbsp;<\/li>\n\n\n\n<li>N\u00e4ytt\u00f6tyyppi&nbsp;<\/li>\n\n\n\n<li>K\u00e4ytetyt liit\u00e4nn\u00e4iset&nbsp;&nbsp;<\/li>\n\n\n\n<li>Viittaava URL&nbsp;<\/li>\n\n\n\n<li>Sivulataukset&nbsp;<\/li>\n\n\n\n<li>Klikkaukset&nbsp;<\/li>\n\n\n\n<li>Maa, alue ja kaupunki, josta pyynt\u00f6 l\u00e4hetettiin&nbsp;<\/li>\n\n\n\n<li>Hakusanat&nbsp;<\/li>\n\n\n\n<li>K\u00e4ytetyt suodattimet&nbsp;&nbsp;<\/li>\n\n\n\n<li>Haun tyyppi ja kohde&nbsp;&nbsp;<\/li>\n\n\n\n<li>Katsotun tietueen formaatti&nbsp;<\/li>\n\n\n\n<li>Katsotun tietueen l\u00e4hde&nbsp;<\/li>\n\n\n\n<li>Onko katsottu tietue verkossa saatavilla<\/li>\n<\/ul>\n<\/div>\n<\/div>\n\n\n\n<ul class=\"wp-block-list\">\n<li>Selaintyyppi\/-versio&nbsp;&nbsp;<\/li>\n\n\n\n<li>Selaimen kieliversio&nbsp;<\/li>\n\n\n\n<li>K\u00e4ytt\u00f6j\u00e4rjestelm\u00e4&nbsp;&nbsp;<\/li>\n\n\n\n<li>Laitemerkki, laitetyyppi, laitemalli&nbsp;<\/li>\n\n\n\n<li>N\u00e4ytt\u00f6tyyppi&nbsp;<\/li>\n\n\n\n<li>K\u00e4ytetyt liit\u00e4nn\u00e4iset&nbsp;&nbsp;<\/li>\n\n\n\n<li>Viittaava URL&nbsp;<\/li>\n\n\n\n<li>Sivulataukset&nbsp;<\/li>\n\n\n\n<li>Klikkaukset&nbsp;<\/li>\n\n\n\n<li>Maa, alue ja kaupunki, josta pyynt\u00f6 l\u00e4hetettiin&nbsp;<\/li>\n\n\n\n<li>Hakusanat&nbsp;<\/li>\n\n\n\n<li>K\u00e4ytetyt suodattimet&nbsp;&nbsp;<\/li>\n\n\n\n<li>Haun tyyppi ja kohde&nbsp;&nbsp;<\/li>\n\n\n\n<li>Katsotun tietueen formaatti&nbsp;<\/li>\n\n\n\n<li>Katsotun tietueen l\u00e4hde&nbsp;<\/li>\n\n\n\n<li>Onko katsottu tietue verkossa saatavilla<\/li>\n<\/ul>\n<\/div>\n<\/div>\n","protected":false},"excerpt":{"rendered":"<p>Who we are Our website address is: https:\/\/www.paint28.fi. Media If you upload images to the website, you should avoid uploading images with embedded location data (EXIF GPS) included. Visitors to the website can download and extract any location data from images on the website. Cookies If you leave a comment on our site you may&#8230;<\/p>\n","protected":false},"author":1,"featured_media":0,"parent":0,"menu_order":0,"comment_status":"closed","ping_status":"closed","template":"","meta":{"_kadence_starter_templates_imported_post":false,"_kad_post_transparent":"","_kad_post_title":"","_kad_post_layout":"","_kad_post_sidebar_id":"","_kad_post_content_style":"","_kad_post_vertical_padding":"","_kad_post_feature":"","_kad_post_feature_position":"","_kad_post_header":false,"_kad_post_footer":false,"_kad_post_classname":"","footnotes":""},"class_list":["post-283","page","type-page","status-publish","hentry"],"yoast_head":"<!-- This site is optimized with the Yoast SEO plugin v25.6 - https:\/\/yoast.com\/wordpress\/plugins\/seo\/ -->\n<title>Auton maalaus- ja peltity\u00f6t | Paint28 Helsinki<\/title>\n<meta name=\"description\" content=\"K\u00e4ytt\u00e4j\u00e4statistiikka ker\u00e4t\u00e4\u00e4n my\u00f6s ev\u00e4steett\u00f6m\u00e4ll\u00e4 Matomo-analytiikallla, jonka tiedot tallentuvat samalle palvelimelle muiden sivuston tietojen kanssa.\u00a0\" \/>\n<meta name=\"robots\" content=\"index, follow, max-snippet:-1, max-image-preview:large, max-video-preview:-1\" \/>\n<link rel=\"canonical\" href=\"https:\/\/www.paint28.fi\/?page_id=283\" \/>\n<meta property=\"og:locale\" content=\"fi_FI\" \/>\n<meta property=\"og:type\" content=\"article\" \/>\n<meta property=\"og:title\" content=\"Auton maalaus- ja peltity\u00f6t | Paint28 Helsinki\" \/>\n<meta property=\"og:description\" content=\"K\u00e4ytt\u00e4j\u00e4statistiikka ker\u00e4t\u00e4\u00e4n my\u00f6s ev\u00e4steett\u00f6m\u00e4ll\u00e4 Matomo-analytiikallla, jonka tiedot tallentuvat samalle palvelimelle muiden sivuston tietojen kanssa.\u00a0\" \/>\n<meta property=\"og:url\" content=\"https:\/\/www.paint28.fi\/?page_id=283\" \/>\n<meta property=\"og:site_name\" content=\"Paint28\" \/>\n<meta property=\"article:publisher\" content=\"https:\/\/www.facebook.com\/Paint28.fi\/\" \/>\n<meta property=\"article:modified_time\" content=\"2024-03-13T06:55:25+00:00\" \/>\n<meta property=\"og:image\" content=\"https:\/\/www.paint28.fi\/wp-content\/uploads\/2024\/02\/Paint-logo-rgb.jpg\" \/>\n\t<meta property=\"og:image:width\" content=\"600\" \/>\n\t<meta property=\"og:image:height\" content=\"236\" \/>\n\t<meta property=\"og:image:type\" content=\"image\/jpeg\" \/>\n<meta name=\"twitter:card\" content=\"summary_large_image\" \/>\n<meta name=\"twitter:label1\" content=\"Arvioitu lukuaika\" \/>\n\t<meta name=\"twitter:data1\" content=\"4 minuuttia\" \/>\n<script type=\"application\/ld+json\" class=\"yoast-schema-graph\">{\"@context\":\"https:\/\/schema.org\",\"@graph\":[{\"@type\":\"WebPage\",\"@id\":\"https:\/\/www.paint28.fi\/?page_id=283\",\"url\":\"https:\/\/www.paint28.fi\/?page_id=283\",\"name\":\"Auton maalaus- ja peltity\u00f6t | Paint28 Helsinki\",\"isPartOf\":{\"@id\":\"https:\/\/www.paint28.fi\/#website\"},\"datePublished\":\"2024-03-12T14:05:40+00:00\",\"dateModified\":\"2024-03-13T06:55:25+00:00\",\"description\":\"K\u00e4ytt\u00e4j\u00e4statistiikka ker\u00e4t\u00e4\u00e4n my\u00f6s ev\u00e4steett\u00f6m\u00e4ll\u00e4 Matomo-analytiikallla, jonka tiedot tallentuvat samalle palvelimelle muiden sivuston tietojen kanssa.\u00a0\",\"breadcrumb\":{\"@id\":\"https:\/\/www.paint28.fi\/?page_id=283#breadcrumb\"},\"inLanguage\":\"fi\",\"potentialAction\":[{\"@type\":\"ReadAction\",\"target\":[\"https:\/\/www.paint28.fi\/?page_id=283\"]}]},{\"@type\":\"BreadcrumbList\",\"@id\":\"https:\/\/www.paint28.fi\/?page_id=283#breadcrumb\",\"itemListElement\":[{\"@type\":\"ListItem\",\"position\":1,\"name\":\"Home\",\"item\":\"https:\/\/www.paint28.fi\/\"},{\"@type\":\"ListItem\",\"position\":2,\"name\":\"Tietosuojaseloste\"}]},{\"@type\":\"WebSite\",\"@id\":\"https:\/\/www.paint28.fi\/#website\",\"url\":\"https:\/\/www.paint28.fi\/\",\"name\":\"Paint28\",\"description\":\"Auton maalaus- ja peltity&ouml;t Helsingiss&auml;, Tattarisuolla\",\"publisher\":{\"@id\":\"https:\/\/www.paint28.fi\/#organization\"},\"potentialAction\":[{\"@type\":\"SearchAction\",\"target\":{\"@type\":\"EntryPoint\",\"urlTemplate\":\"https:\/\/www.paint28.fi\/?s={search_term_string}\"},\"query-input\":{\"@type\":\"PropertyValueSpecification\",\"valueRequired\":true,\"valueName\":\"search_term_string\"}}],\"inLanguage\":\"fi\"},{\"@type\":\"Organization\",\"@id\":\"https:\/\/www.paint28.fi\/#organization\",\"name\":\"Paint28\",\"url\":\"https:\/\/www.paint28.fi\/\",\"logo\":{\"@type\":\"ImageObject\",\"inLanguage\":\"fi\",\"@id\":\"https:\/\/www.paint28.fi\/#\/schema\/logo\/image\/\",\"url\":\"https:\/\/www.paint28.fi\/wp-content\/uploads\/2024\/02\/Paint-logo-rgb.jpg\",\"contentUrl\":\"https:\/\/www.paint28.fi\/wp-content\/uploads\/2024\/02\/Paint-logo-rgb.jpg\",\"width\":600,\"height\":236,\"caption\":\"Paint28\"},\"image\":{\"@id\":\"https:\/\/www.paint28.fi\/#\/schema\/logo\/image\/\"},\"sameAs\":[\"https:\/\/www.facebook.com\/Paint28.fi\/\"]}]}<\/script>\n<!-- \/ Yoast SEO plugin. -->","yoast_head_json":{"title":"Auton maalaus- ja peltity\u00f6t | Paint28 Helsinki","description":"K\u00e4ytt\u00e4j\u00e4statistiikka ker\u00e4t\u00e4\u00e4n my\u00f6s ev\u00e4steett\u00f6m\u00e4ll\u00e4 Matomo-analytiikallla, jonka tiedot tallentuvat samalle palvelimelle muiden sivuston tietojen kanssa.\u00a0","robots":{"index":"index","follow":"follow","max-snippet":"max-snippet:-1","max-image-preview":"max-image-preview:large","max-video-preview":"max-video-preview:-1"},"canonical":"https:\/\/www.paint28.fi\/?page_id=283","og_locale":"fi_FI","og_type":"article","og_title":"Auton maalaus- ja peltity\u00f6t | Paint28 Helsinki","og_description":"K\u00e4ytt\u00e4j\u00e4statistiikka ker\u00e4t\u00e4\u00e4n my\u00f6s ev\u00e4steett\u00f6m\u00e4ll\u00e4 Matomo-analytiikallla, jonka tiedot tallentuvat samalle palvelimelle muiden sivuston tietojen kanssa.\u00a0","og_url":"https:\/\/www.paint28.fi\/?page_id=283","og_site_name":"Paint28","article_publisher":"https:\/\/www.facebook.com\/Paint28.fi\/","article_modified_time":"2024-03-13T06:55:25+00:00","og_image":[{"width":600,"height":236,"url":"https:\/\/www.paint28.fi\/wp-content\/uploads\/2024\/02\/Paint-logo-rgb.jpg","type":"image\/jpeg"}],"twitter_card":"summary_large_image","twitter_misc":{"Arvioitu lukuaika":"4 minuuttia"},"schema":{"@context":"https:\/\/schema.org","@graph":[{"@type":"WebPage","@id":"https:\/\/www.paint28.fi\/?page_id=283","url":"https:\/\/www.paint28.fi\/?page_id=283","name":"Auton maalaus- ja peltity\u00f6t | Paint28 Helsinki","isPartOf":{"@id":"https:\/\/www.paint28.fi\/#website"},"datePublished":"2024-03-12T14:05:40+00:00","dateModified":"2024-03-13T06:55:25+00:00","description":"K\u00e4ytt\u00e4j\u00e4statistiikka ker\u00e4t\u00e4\u00e4n my\u00f6s ev\u00e4steett\u00f6m\u00e4ll\u00e4 Matomo-analytiikallla, jonka tiedot tallentuvat samalle palvelimelle muiden sivuston tietojen kanssa.\u00a0","breadcrumb":{"@id":"https:\/\/www.paint28.fi\/?page_id=283#breadcrumb"},"inLanguage":"fi","potentialAction":[{"@type":"ReadAction","target":["https:\/\/www.paint28.fi\/?page_id=283"]}]},{"@type":"BreadcrumbList","@id":"https:\/\/www.paint28.fi\/?page_id=283#breadcrumb","itemListElement":[{"@type":"ListItem","position":1,"name":"Home","item":"https:\/\/www.paint28.fi\/"},{"@type":"ListItem","position":2,"name":"Tietosuojaseloste"}]},{"@type":"WebSite","@id":"https:\/\/www.paint28.fi\/#website","url":"https:\/\/www.paint28.fi\/","name":"Paint28","description":"Auton maalaus- ja peltity&ouml;t Helsingiss&auml;, Tattarisuolla","publisher":{"@id":"https:\/\/www.paint28.fi\/#organization"},"potentialAction":[{"@type":"SearchAction","target":{"@type":"EntryPoint","urlTemplate":"https:\/\/www.paint28.fi\/?s={search_term_string}"},"query-input":{"@type":"PropertyValueSpecification","valueRequired":true,"valueName":"search_term_string"}}],"inLanguage":"fi"},{"@type":"Organization","@id":"https:\/\/www.paint28.fi\/#organization","name":"Paint28","url":"https:\/\/www.paint28.fi\/","logo":{"@type":"ImageObject","inLanguage":"fi","@id":"https:\/\/www.paint28.fi\/#\/schema\/logo\/image\/","url":"https:\/\/www.paint28.fi\/wp-content\/uploads\/2024\/02\/Paint-logo-rgb.jpg","contentUrl":"https:\/\/www.paint28.fi\/wp-content\/uploads\/2024\/02\/Paint-logo-rgb.jpg","width":600,"height":236,"caption":"Paint28"},"image":{"@id":"https:\/\/www.paint28.fi\/#\/schema\/logo\/image\/"},"sameAs":["https:\/\/www.facebook.com\/Paint28.fi\/"]}]}},"_links":{"self":[{"href":"https:\/\/www.paint28.fi\/index.php?rest_route=\/wp\/v2\/pages\/283"}],"collection":[{"href":"https:\/\/www.paint28.fi\/index.php?rest_route=\/wp\/v2\/pages"}],"about":[{"href":"https:\/\/www.paint28.fi\/index.php?rest_route=\/wp\/v2\/types\/page"}],"author":[{"embeddable":true,"href":"https:\/\/www.paint28.fi\/index.php?rest_route=\/wp\/v2\/users\/1"}],"replies":[{"embeddable":true,"href":"https:\/\/www.paint28.fi\/index.php?rest_route=%2Fwp%2Fv2%2Fcomments&post=283"}],"version-history":[{"count":2,"href":"https:\/\/www.paint28.fi\/index.php?rest_route=\/wp\/v2\/pages\/283\/revisions"}],"predecessor-version":[{"id":362,"href":"https:\/\/www.paint28.fi\/index.php?rest_route=\/wp\/v2\/pages\/283\/revisions\/362"}],"wp:attachment":[{"href":"https:\/\/www.paint28.fi\/index.php?rest_route=%2Fwp%2Fv2%2Fmedia&parent=283"}],"curies":[{"name":"wp","href":"https:\/\/api.w.org\/{rel}","templated":true}]}}